{"id":9,"date":"2022-08-22T15:49:59","date_gmt":"2022-08-22T06:49:59","guid":{"rendered":"https:\/\/nbs-truejapan.jp\/member\/ehimienne\/?page_id=9"},"modified":"2025-02-26T09:45:26","modified_gmt":"2025-02-26T00:45:26","slug":"home","status":"publish","type":"page","link":"https:\/\/nbs-truejapan.jp\/member\/ehimienne\/","title":{"rendered":"Page d&#8217;accueil \/ \u30db\u30fc\u30e0"},"content":{"rendered":"\n<div class=\"swell-block-fullWide pc-py-60 sp-py-40 alignfull\" style=\"background-color:#f7f7f7\"><div class=\"swell-block-fullWide__inner l-article\">\n<h6 class=\"wp-block-heading has-text-align-center title-h6\">Accueil<\/h6>\n\n\n\n<h2 class=\"wp-block-heading is-style-section_ttl title-h2\">\u3054\u6328\u62f6<\/h2>\n\n\n\n<div class=\"swell-block-columns intro-container\" style=\"--swl-clmn-mrgn--x:2rem\"><div class=\"swell-block-columns__inner\">\n<div class=\"swell-block-column swl-has-mb--s\" style=\"--clmn-w--tab:35%;--clmn-w--pc:35%\">\n<figure class=\"wp-block-image size-full is-style-rounded\"><img decoding=\"async\" width=\"331\" height=\"406\" src=\"https:\/\/nbs-truejapan.jp\/member\/ehimienne\/wp-content\/uploads\/2023\/05\/nya-1-e1682925274318.png\" alt=\"\" class=\"wp-image-405\" srcset=\"https:\/\/nbs-truejapan.jp\/member\/ehimienne\/wp-content\/uploads\/2023\/05\/nya-1-e1682925274318.png 331w, https:\/\/nbs-truejapan.jp\/member\/ehimienne\/wp-content\/uploads\/2023\/05\/nya-1-e1682925274318-245x300.png 245w\" sizes=\"(max-width: 331px) 100vw, 331px\" \/><\/figure>\n<\/div>\n\n\n\n<div class=\"swell-block-column swl-has-mb--s\" style=\"--clmn-w--tab:65%;--clmn-w--pc:65%\">\n<p>Bonjour, merci pour votre visite sur mon site web. Je suis japonaise et guide francophone. J\u2019habite dans la ville de Matsuyama, situ\u00e9e \u00e0 l\u2019ouest dans la r\u00e9gion du Shikoku. Si vous avez l\u2019intention de voyager au Japon pour la premi\u00e8re fois, je voudrais vous recommander, tout d\u2019abord, de visiter des villes tr\u00e8s connues, comme Tokyo ou Kyoto. Mais si vous voyagez fr\u00e9quemment au Japon, ou si vous voulez faire des exp\u00e9riences un peu particuli\u00e8res, permettez-moi de vous faire d\u00e9couvrir les lieux typiques de ma ville.<\/p>\n\n\n\n<p class=\"u-mb-ctrl u-mb-20\">\u521d\u3081\u307e\u3057\u3066\u3001\u79c1\u306e\u30b5\u30a4\u30c8\u306b\u304a\u8d8a\u3057\u304f\u3060\u3055\u308a\u3042\u308a\u304c\u3068\u3046\u3054\u3056\u3044\u307e\u3059\u3002\u79c1\u306f\u611b\u5a9b\u770c\u677e\u5c71\u5e02\u5728\u4f4f\u306e\u65e5\u672c\u4eba\u306e\u30d5\u30e9\u30f3\u30b9\u8a9e\u901a\u8a33\u6848\u5185\u58eb\u3067\u3059\u3002\u3042\u306a\u305f\u304c\u3082\u3057\u3001\u65e5\u672c\u306b\u521d\u3081\u3066\u304a\u8d8a\u3057\u306b\u306a\u308b\u306e\u3067\u3057\u305f\u3089\u3001\u307e\u305a\u306f\u6771\u4eac\u3084\u4eac\u90fd\u306e\u3088\u3046\u306a\u6709\u540d\u306a\u8857\u3092\u8a2a\u308c\u308b\u3053\u3068\u3092\u304a\u52e7\u3081\u3057\u307e\u3059\u3002\u3057\u304b\u3057\u3001\u3042\u306a\u305f\u304c\u65e2\u306b\u4f55\u5ea6\u3082\u65e5\u672c\u306b\u6765\u3089\u308c\u305f\u3053\u3068\u304c\u3042\u308b\u304b\u3001\u3042\u308b\u3044\u306f\u4f55\u304b\u7279\u5225\u306a\u4f53\u9a13\u3092\u306a\u3055\u308a\u305f\u3044\u306e\u3067\u3057\u305f\u3089\u3001\u79c1\u306b\u304a\u624b\u4f1d\u3044\u3092\u3055\u305b\u3066\u3044\u305f\u3060\u3051\u307e\u305b\u3093\u3067\u3057\u3087\u3046\u304b\u3002<\/p>\n\n\n\n<div class=\"swell-block-button is-style-btn_line\" data-align=\"left\"><a href=\"https:\/\/nbs-truejapan.jp\/member\/ehimienne\/profile\/\" class=\"swell-block-button__link\"><span>Profil \/ \u30d7\u30ed\u30d5\u30a3\u30fc\u30eb<\/span><\/a><\/div>\n<\/div>\n<\/div><\/div>\n<\/div><\/div>\n\n\n\n<div class=\"wp-block-group service-wrapper\"><div class=\"wp-block-group__inner-container is-layout-constrained wp-block-group-is-layout-constrained\">\n<h6 class=\"wp-block-heading has-text-align-center title-h6\">Service<\/h6>\n\n\n\n<h2 class=\"wp-block-heading is-style-section_ttl title-h2\">Ehimienne\u306e\u30ac\u30a4\u30c9\u30b5\u30fc\u30d3\u30b9\u306b\u3064\u3044\u3066<\/h2>\n\n\n\n<h3 class=\"wp-block-heading\">Domaines couverts \/ \u5bfe\u5fdc\u5730\u57df<\/h3>\n\n\n\n<div class=\"swell-block-columns\"><div class=\"swell-block-columns__inner\">\n<div class=\"swell-block-column swl-has-mb--s area-left\" style=\"--clmn-w--pc:65%\">\n<p>Visite de la r\u00e9gion de la Mer Int\u00e9rieure, par exemple ci-dessous,<\/p>\n\n\n\n<p>Visite de la ville de <strong>Matsuyama<\/strong> : le ch\u00e2teau de Matsuyama, la station thermale de D\u014dgo, plusieurs temples appartenant au 88 p\u00e8lerinage, comme Ishite-ji (51e ), Taisan-ji(52 e), la visite des monuments de ha\u00efku<br>Visite de la pr\u00e9fecture d\u2019<strong>Ehime<\/strong> : la route de Shimanami, la ville d\u2019\u014czu et Uchiko, la ville d\u2019Uwajima<br>Visite de la pr\u00e9fecture de <strong>Kagawa<\/strong> : les \u00eeles d\u2019art, comme Naoshima, Teshima, Inujima, le sanctuaire de Kotohira, le parc Ritsurin,<br>Visite de la pr\u00e9fecture de <strong>Kochi<\/strong> : le temple Chikurin-ji (31e), le jardin botanique Makino, le ch\u00e2teau de Kochi, la plage Katsurehama\u3000<br>Visite de la ville de <strong>Hiroshima<\/strong> : le parc du M\u00e9morial de la Paix, l\u2019\u00eele Miyajima y compris le sanctuaire d\u2019Itsukushima<\/p>\n\n\n\n<p class=\"u-mb-ctrl u-mb-10\">Visite de la ville de <strong>Kyoto<\/strong> : la route dor\u00e9e (le pavillon d\u2019or, le temple Kiyomizu, le ch\u00e2teau de Nij\u014d et le sanctuaire de Fushimi), d\u2019autres temples magnifiques comme le T\u014d-ji, le Ry\u014dan-ji, l\u2019Uji-By\u014dd\u014d-in, ou des temples cach\u00e9s<br>Visite de la ville de <strong>Nara<\/strong> : des temples authentiqu\u00e9s, comme le H\u014dryu-ji, le T\u014ddai-ji, le Yakushi-ji<\/p>\n\n\n\n<p class=\"u-mb-ctrl u-mb-20\">\u2026 etc. Si vous avez une ville ou un site \u00e0 visiter, n\u2019h\u00e9sitez pas \u00e0 me demander.<\/p>\n\n\n\n\n\n\n\n<p>\u677e\u5c71\uff1a\u677e\u5c71\u57ce\u3001\u9053\u5f8c\u6e29\u6cc9\u3001\u56db\u56fd\u904d\u8def\u306e\u5bfa(\u77f3\u624b\u5bfa\u3001\u592a\u5c71\u5bfa)\u3001\u53e5\u7891\u5de1\u308a<\/p>\n\n\n\n<p>\u611b\u5a9b\uff1a\u3057\u307e\u306a\u307f\u6d77\u9053\u3001\u5185\u5b50\uff65\u5927\u6d32\u3001\u5b87\u548c\u5cf6<\/p>\n\n\n\n<p>\u9999\u5ddd\uff1a\u30a2\u30fc\u30c8\u306e\u5cf6(\u76f4\u5cf6\u30fb\u8c4a\u5cf6\u30fb\u72ac\u5cf6)\u3001\u7434\u5e73\u5bae\u3001\u6817\u6797\u516c\u5712<\/p>\n\n\n\n<p>\u9ad8\u77e5\uff1a\u904d\u8def\u306e\u5bfa(\u7af9\u6797\u5bfa)\u3001\u7267\u91ce\u690d\u7269\u5712\u3001\u9ad8\u77e5\u57ce\u3001\u6842\u6d5c<\/p>\n\n\n\n<p>\u5e83\u5cf6\uff1a\u5e73\u548c\u8a18\u5ff5\u516c\u5712\u3001\u5bae\u5cf6<\/p>\n\n\n\n<p>\u4eac\u90fd\uff1a\uff14\u5927\u89b3\u5149\u5730(\u91d1\u95a3\u5bfa\uff65\u6e05\u6c34\u5bfa\uff65\u4e8c\u6761\u57ce\uff65\u4f0f\u898b\u7a32\u8377)\u3001\u6771\u5bfa\uff65\u9f8d\u5b89\u5bfa\uff65\u5e73\u7b49\u9662<\/p>\n\n\n\n<p>\u5948\u826f\uff1a\u6cd5\u9686\u5bfa\uff65\u6771\u5927\u5bfa\uff65\u85ac\u5e2b\u5bfa<\/p>\n\n\n\n<p>\u306a\u3069\u3001\u3054\u76f8\u8ac7\u304f\u3060\u3055\u3044\u3002<\/p>\n<\/div>\n\n\n\n<div class=\"swell-block-column swl-has-mb--s\" style=\"--clmn-w--pc:35%\">\n<figure class=\"wp-block-gallery has-nested-images columns-2 is-cropped wp-block-gallery-1 is-layout-flex wp-block-gallery-is-layout-flex\">\n<figure class=\"wp-block-image size-large\"><img decoding=\"async\" width=\"186\" height=\"185\" data-id=\"626\" src=\"https:\/\/nbs-truejapan.jp\/member\/ehimienne\/wp-content\/uploads\/2023\/11\/area01.jpg\" alt=\"\" class=\"wp-image-626\"\/><\/figure>\n\n\n\n<figure class=\"wp-block-image size-large\"><img decoding=\"async\" width=\"433\" height=\"425\" data-id=\"627\" src=\"https:\/\/nbs-truejapan.jp\/member\/ehimienne\/wp-content\/uploads\/2023\/11\/area02.png\" alt=\"\" class=\"wp-image-627\"\/><\/figure>\n\n\n\n<figure class=\"wp-block-image size-large\"><img decoding=\"async\" width=\"438\" height=\"436\" data-id=\"628\" src=\"https:\/\/nbs-truejapan.jp\/member\/ehimienne\/wp-content\/uploads\/2023\/11\/area03.png\" alt=\"\" class=\"wp-image-628\"\/><\/figure>\n\n\n\n<figure class=\"wp-block-image size-large\"><img decoding=\"async\" width=\"425\" height=\"427\" data-id=\"629\" src=\"https:\/\/nbs-truejapan.jp\/member\/ehimienne\/wp-content\/uploads\/2023\/11\/area04.png\" alt=\"\" class=\"wp-image-629\"\/><\/figure>\n\n\n\n<figure class=\"wp-block-image size-large\"><img decoding=\"async\" width=\"433\" height=\"433\" data-id=\"630\" src=\"https:\/\/nbs-truejapan.jp\/member\/ehimienne\/wp-content\/uploads\/2023\/11\/area05.png\" alt=\"\" class=\"wp-image-630\"\/><\/figure>\n\n\n\n<figure class=\"wp-block-image size-large\"><img decoding=\"async\" width=\"439\" height=\"438\" data-id=\"631\" src=\"https:\/\/nbs-truejapan.jp\/member\/ehimienne\/wp-content\/uploads\/2023\/11\/area06.png\" alt=\"\" class=\"wp-image-631\"\/><\/figure>\n\n\n\n<figure class=\"wp-block-image size-large\"><img decoding=\"async\" width=\"424\" height=\"423\" data-id=\"632\" src=\"https:\/\/nbs-truejapan.jp\/member\/ehimienne\/wp-content\/uploads\/2023\/11\/area07.png\" alt=\"\" class=\"wp-image-632\"\/><\/figure>\n\n\n\n<figure class=\"wp-block-image size-large\"><img decoding=\"async\" width=\"433\" height=\"434\" data-id=\"633\" src=\"https:\/\/nbs-truejapan.jp\/member\/ehimienne\/wp-content\/uploads\/2023\/11\/area08.png\" alt=\"\" class=\"wp-image-633\"\/><\/figure>\n\n\n\n<figure class=\"wp-block-image size-large\"><img decoding=\"async\" width=\"439\" height=\"434\" data-id=\"634\" src=\"https:\/\/nbs-truejapan.jp\/member\/ehimienne\/wp-content\/uploads\/2023\/11\/area09.png\" alt=\"\" class=\"wp-image-634\"\/><\/figure>\n\n\n\n<figure class=\"wp-block-image size-large\"><img decoding=\"async\" width=\"490\" height=\"480\" data-id=\"685\" src=\"https:\/\/nbs-truejapan.jp\/member\/ehimienne\/wp-content\/uploads\/2023\/11\/98dcb47e40a404abd855196653605023.png\" alt=\"\" class=\"wp-image-685\"\/><\/figure>\n\n\n\n<figure class=\"wp-block-image size-large\"><img decoding=\"async\" width=\"431\" height=\"421\" data-id=\"731\" src=\"https:\/\/nbs-truejapan.jp\/member\/ehimienne\/wp-content\/uploads\/2025\/02\/jisseki_20250226_1.jpg\" alt=\"\" class=\"wp-image-731\" srcset=\"https:\/\/nbs-truejapan.jp\/member\/ehimienne\/wp-content\/uploads\/2025\/02\/jisseki_20250226_1.jpg 431w, https:\/\/nbs-truejapan.jp\/member\/ehimienne\/wp-content\/uploads\/2025\/02\/jisseki_20250226_1-300x293.jpg 300w\" sizes=\"(max-width: 431px) 100vw, 431px\" \/><\/figure>\n\n\n\n<figure class=\"wp-block-image size-large\"><img decoding=\"async\" width=\"451\" height=\"451\" data-id=\"732\" src=\"https:\/\/nbs-truejapan.jp\/member\/ehimienne\/wp-content\/uploads\/2025\/02\/jisseki_20250226_2.jpg\" alt=\"\" class=\"wp-image-732\" srcset=\"https:\/\/nbs-truejapan.jp\/member\/ehimienne\/wp-content\/uploads\/2025\/02\/jisseki_20250226_2.jpg 451w, https:\/\/nbs-truejapan.jp\/member\/ehimienne\/wp-content\/uploads\/2025\/02\/jisseki_20250226_2-300x300.jpg 300w, https:\/\/nbs-truejapan.jp\/member\/ehimienne\/wp-content\/uploads\/2025\/02\/jisseki_20250226_2-150x150.jpg 150w\" sizes=\"(max-width: 451px) 100vw, 451px\" \/><\/figure>\n<\/figure>\n<\/div>\n<\/div><\/div>\n\n\n\n<h3 class=\"wp-block-heading\">Que voir et que faire \u00e0 Matsuyama ? \/ \u677e\u5c71\u3063\u3066\u3069\u3093\u306a\u8857\uff1f<\/h3>\n\n\n\n<div class=\"swell-block-columns\"><div class=\"swell-block-columns__inner\">\n<div class=\"swell-block-column swl-has-mb--s\" style=\"--clmn-w--pc:55%\">\n<p>Matsuyama est la ville centrale de la pr\u00e9fecture d\u2019Ehime, situ\u00e9e au nord-ouest de la r\u00e9gion du Shikoku. Il faut savoir que le Shikoku est une des \u00eeles principales du Japon, mais \u00e9galement la plus petite. Matsuyama se trouve au c\u0153ur de la plaine, pr\u00e8s des montagnes et face \u00e0 la mer int\u00e9rieure. Gr\u00e2ce \u00e0 sa topologie, il fait doux tout au long de l\u2019ann\u00e9e. Produisant ainsi de d\u00e9licieux fruits de la mer, une terre fertile, un paysage pittoresque ainsi qu\u2019un environnement culturel \u00e0 part enti\u00e8re. Je vais vous les pr\u00e9senter sur mon blog.<\/p>\n\n\n\n<p>\u56db\u56fd\u306e\u5317\u897f\u306b\u4f4d\u7f6e\u3059\u308b\u611b\u5a9b\u770c\u677e\u5c71\u5e02\u306f\u3001\u5e73\u91ce\u306e\u4e2d\u5fc3\u306b\u3042\u308a\u6d77\u306b\u3082\u5c71\u306b\u3082\u8fd1\u304f\u3001\u4e00\u5e74\u3092\u901a\u3057\u3066\u6e29\u6696\u3067\u66ae\u3089\u3057\u3084\u3059\u3044\u4e0a\u306b\u3001\u6d77\u306e\u5e78\u5c71\u306e\u5e78\uff65\u7f8e\u3057\u3044\u98a8\u666f\uff65\u53e4\u4ee3\u304b\u3089\u306e\u6587\u5316\u306b\u6075\u307e\u308c\u3066\u3044\u307e\u3059\u3002\u3053\u306e\u30d6\u30ed\u30b0\u3067\u9806\u306b\u7d39\u4ecb\u3055\u305b\u3066\u304f\u3060\u3055\u3044\u3002<\/p>\n<\/div>\n\n\n\n<div class=\"swell-block-column swl-has-mb--s\" style=\"--clmn-w--pc:45%\"><div class=\"wp-block-image\">\n<figure class=\"aligncenter size-full is-resized\"><img decoding=\"async\" width=\"320\" height=\"176\" src=\"https:\/\/nbs-truejapan.jp\/member\/ehimienne\/wp-content\/uploads\/2023\/11\/coda1116.jpeg\" alt=\"\" class=\"wp-image-687\" style=\"width:432px;height:auto\"\/><\/figure>\n<\/div><\/div>\n<\/div><\/div>\n\n\n\n<h3 class=\"wp-block-heading\">Tarif \/ \u6599\u91d1<\/h3>\n\n\n\n<p class=\"u-mb-ctrl u-mb-20\">N\u2019h\u00e9sitez pas \u00e0 me contacter pour conna\u00eetre les prix, les destinations et les horaires.<br>\u6599\u91d1\u30fb\u884c\u304d\u5148\u30fb\u6642\u9593\u306a\u3069\u3001\u304a\u6c17\u8efd\u306b\u3054\u76f8\u8ac7\u304f\u3060\u3055\u3044\u3002<\/p>\n\n\n\n<div class=\"swell-block-button is-style-btn_line u-mb-ctrl u-mb-50\" data-align=\"left\"><a href=\"https:\/\/nbs-truejapan.jp\/member\/ehimienne\/contact\/\" class=\"swell-block-button__link\"><span>Contact \/ \u304a\u554f\u5408\u305b<\/span><\/a><\/div>\n<\/div><\/div>\n","protected":false},"excerpt":{"rendered":"<p>Service Ehimienne\u306e\u30ac\u30a4\u30c9\u30b5\u30fc\u30d3\u30b9\u306b\u3064\u3044\u3066 Domaines couverts \/ \u5bfe\u5fdc\u5730\u57df Que voir et que faire \u00e0 Matsuyama ? \/ \u677e\u5c71\u3063\u3066\u3069\u3093\u306a\u8857\uff1f Tarif \/ [&hellip;]<\/p>\n","protected":false},"author":1,"featured_media":0,"parent":0,"menu_order":0,"comment_status":"closed","ping_status":"closed","template":"","meta":{"swell_btn_cv_data":"","footnotes":""},"class_list":["post-9","page","type-page","status-publish","hentry"],"_links":{"self":[{"href":"https:\/\/nbs-truejapan.jp\/member\/ehimienne\/wp-json\/wp\/v2\/pages\/9","targetHints":{"allow":["GET"]}}],"collection":[{"href":"https:\/\/nbs-truejapan.jp\/member\/ehimienne\/wp-json\/wp\/v2\/pages"}],"about":[{"href":"https:\/\/nbs-truejapan.jp\/member\/ehimienne\/wp-json\/wp\/v2\/types\/page"}],"author":[{"embeddable":true,"href":"https:\/\/nbs-truejapan.jp\/member\/ehimienne\/wp-json\/wp\/v2\/users\/1"}],"replies":[{"embeddable":true,"href":"https:\/\/nbs-truejapan.jp\/member\/ehimienne\/wp-json\/wp\/v2\/comments?post=9"}],"version-history":[{"count":141,"href":"https:\/\/nbs-truejapan.jp\/member\/ehimienne\/wp-json\/wp\/v2\/pages\/9\/revisions"}],"predecessor-version":[{"id":739,"href":"https:\/\/nbs-truejapan.jp\/member\/ehimienne\/wp-json\/wp\/v2\/pages\/9\/revisions\/739"}],"wp:attachment":[{"href":"https:\/\/nbs-truejapan.jp\/member\/ehimienne\/wp-json\/wp\/v2\/media?parent=9"}],"curies":[{"name":"wp","href":"https:\/\/api.w.org\/{rel}","templated":true}]}}