{"id":603,"date":"2023-11-08T09:29:11","date_gmt":"2023-11-08T00:29:11","guid":{"rendered":"https:\/\/nbs-truejapan.jp\/member\/ehimienne\/?page_id=603"},"modified":"2023-11-17T16:32:42","modified_gmt":"2023-11-17T07:32:42","slug":"liens","status":"publish","type":"page","link":"https:\/\/nbs-truejapan.jp\/member\/ehimienne\/liens","title":{"rendered":"Liens \/ \u30ea\u30f3\u30af\u96c6"},"content":{"rendered":"\n<h4 class=\"wp-block-heading\">Ishite-ji, 51e temple des 88 dans le Shikoku<\/h4>\n\n\n\n<div class=\"swell-block-columns\"><div class=\"swell-block-columns__inner\">\n<div class=\"swell-block-column swl-has-mb--s\">\n<p>Ishite-ji, 51e temple du p\u00e8lerinage de Shikoku avec les sous-titres en fran\u00e7ais et en japonais, produit par mon amie et moi<br>\u30ac\u30a4\u30c9\u4ef2\u9593\u3068\u4f5c\u6210\u3057\u305f\u3001\u56db\u56fd\u904d\u8def51\u756a\u77f3\u624b\u5bfa\u6848\u5185\u3067\u3059\u3002<\/p>\n<\/div>\n\n\n\n<div class=\"swell-block-column swl-has-mb--s\">\n<figure class=\"wp-block-embed is-type-video is-provider-youtube wp-block-embed-youtube wp-embed-aspect-16-9 wp-has-aspect-ratio\"><div class=\"wp-block-embed__wrapper\">\n<iframe title=\"Shikoku Pilgrimage !! Visit the temple 51 Ishite-ji with Guide !! \u301cin \ud83c\uddeb\ud83c\uddf7\ud83c\uddfa\ud83c\uddf8\ud83c\uddef\ud83c\uddf5French\/English\/Japanese\u301c\" width=\"500\" height=\"281\" src=\"https:\/\/www.youtube.com\/embed\/VkfmfEgWOhg?start=14&#038;feature=oembed\" frameborder=\"0\" allow=\"accelerometer; autoplay; clipboard-write; encrypted-media; gyroscope; picture-in-picture; web-share\" referrerpolicy=\"strict-origin-when-cross-origin\" allowfullscreen><\/iframe>\n<\/div><\/figure>\n<\/div>\n<\/div><\/div>\n\n\n\n<h4 class=\"wp-block-heading wp-embed-aspect-16-9 wp-has-aspect-ratio\">Matsuyama, the capital of Shikoku \u2013 Discover Japan@tontoncedo<\/h4>\n\n\n\n<div class=\"swell-block-columns\"><div class=\"swell-block-columns__inner\">\n<div class=\"swell-block-column swl-has-mb--s\">\n<p>Matsuyama, the capital of Shikoku \u2013 Discover Japan@tontoncedo, produit par Sedo<br>\u30d5\u30e9\u30f3\u30b9\u4eba\u53cb\u4eba\u304c\u4f5c\u6210\u3057\u305f\u3001\u677e\u5c71\u6848\u5185\u3067\u3059\u3002<\/p>\n<\/div>\n\n\n\n<div class=\"swell-block-column swl-has-mb--s\">\n<figure class=\"wp-block-embed is-type-video is-provider-youtube wp-block-embed-youtube wp-embed-aspect-16-9 wp-has-aspect-ratio\"><div class=\"wp-block-embed__wrapper\">\n<iframe title=\"Matsuyama, the capital of Shikoku - Discover Japan  (4K Travel video) #japan\" width=\"500\" height=\"281\" src=\"https:\/\/www.youtube.com\/embed\/rkbIB2CmnJk?feature=oembed\" frameborder=\"0\" allow=\"accelerometer; autoplay; clipboard-write; encrypted-media; gyroscope; picture-in-picture; web-share\" referrerpolicy=\"strict-origin-when-cross-origin\" allowfullscreen><\/iframe>\n<\/div><\/figure>\n<\/div>\n<\/div><\/div>\n\n\n\n<h4 class=\"wp-block-heading\">\u56db\u56fd\u904d\u8def\u901a\u8a33\u30ac\u30a4\u30c9\u5354\u4f1a \/ Shikoku Henro Guide-Interpreter Association (SHGA)<\/h4>\n\n\n\n<p><a href=\"https:\/\/shikoku88guide.com\" target=\"_blank\" rel=\"noreferrer noopener\">https:\/\/shikoku88guide.com<\/a><\/p>\n\n\n\n<p>Il s&#8217;agit du site web d&#8217;un groupe de guides-interpr\u00e8tes qui guident principalement les visiteurs \u00e9trangers \u00e0 Shikoku. Les membres sont particuli\u00e8rement comp\u00e9tents en p\u00e8lerinage. Bien s\u00fbr, je me suis inscrite.<br>\u56db\u56fd\u3092\u8a2a\u308c\u308b\u3001\u4e3b\u306b\u5916\u56fd\u4eba\u65c5\u884c\u8005\u3092\u6848\u5185\u3059\u308b\u901a\u8a33\u30ac\u30a4\u30c9\u56e3\u4f53\u306eHP\u3067\u3059\u3002\u56db\u56fd\u904d\u8def\u306b\u3064\u3044\u3066\u8a73\u3057\u3044\u4f1a\u54e1\u304c\u63c3\u3063\u3066\u3044\u307e\u3059\u3002\u79c1\u3082\u52a0\u5165\u3057\u3066\u3044\u307e\u3059\u3002<\/p>\n\n\n\n<h4 class=\"wp-block-heading\">\u56db\u56fd\u89b3\u5149\u901a\u8a33\u5354\u4f1a \/ Shikoku Guide Organization (SGO)<\/h4>\n\n\n\n<p><a href=\"https:\/\/shikoku-guide.org\" target=\"_blank\" rel=\"noreferrer noopener\">https:\/\/shikoku-guide.org<\/a><\/p>\n\n\n\n<p>Bas\u00e9e \u00e0 Matsuyama. Il s&#8217;agit d&#8217;une association de guides-interpr\u00e8tes nationaux certifi\u00e9s dans quatre pr\u00e9fectures de Shikoku. Elle organise r\u00e9guli\u00e8rement des r\u00e9unions afin d&#8217;am\u00e9liorer la connaissance et la comp\u00e9tence. Je me suis aussi inscrite.<br>\u677e\u5c71\u3092\u4e2d\u5fc3\u306b\u3001\u56db\u56fd4\u770c\u306e\u5168\u56fd\u901a\u8a33\u6848\u5185\u58eb\u304c\u96c6\u307e\u308b\u56e3\u4f53\u306eHP\u3067\u3059\u3002\u5b9a\u671f\u7684\u306b\u52c9\u5f37\u4f1a\u30fb\u5b9f\u5730\u7814\u4fee\u3092\u884c\u3044\u3001\u77e5\u8b58\u3068\u6280\u8853\u306e\u5411\u4e0a\u306b\u52aa\u3081\u3066\u3044\u307e\u3059\u3002\u79c1\u3082\u52a0\u5165\u3057\u3066\u3044\u307e\u3059\u3002<\/p>\n\n\n\n<h4 class=\"wp-block-heading\">\u95a2\u897f\u304b\u3089\u306e\u30de\u30a4\u30af\u30ed\u30c4\u30fc\u30ea\u30ba\u30e0<\/h4>\n\n\n\n<p><a href=\"https:\/\/microtourismjapan.com\" target=\"_blank\" rel=\"noreferrer noopener\">https:\/\/microtourismjapan.com<\/a><\/p>\n\n\n\n<p>Micro-tourisme \u00e0 partir du Kansai. Il s&#8217;agit des r\u00e9cits de voyage, par mon amie qui adore voyager. Elle pr\u00e9sente des sites touristiques o\u00f9 on visite dans une journ\u00e9e, soit r\u00e9put\u00e9, soit pas connu.<br>\u95a2\u897f\u304b\u3089\u306e\u30de\u30a4\u30af\u30ed\u30c4\u30fc\u30ea\u30ba\u30e0\uff1a\u65c5\u597d\u304d\u306a\u79c1\u306e\u53cb\u4eba\u306eHP\u3067\u3059\u3002\u95a2\u897f\u304b\u3089\u65e5\u5e30\u308a\u3067\u304d\u308b\u3068\u3053\u308d\u3092\u3001\u6709\u540d\u7121\u540d\u306b\u304b\u304b\u308f\u3089\u305a\u4e01\u5be7\u306a\u7d00\u884c\u6587\u3068\u5199\u771f\u3067\u89e3\u8aac\u3057\u3066\u3044\u307e\u3059\u3002\u73fe\u5728\u306f\u65e5\u672c\u8a9e\u306e\u307f\u3067\u3059\u3002<\/p>\n","protected":false},"excerpt":{"rendered":"<p>Ishite-ji, 51e temple des 88 dans le Shikoku Matsuyama, the capital of Shikoku \u2013 Discover Japan@tontoncedo \u56db\u56fd\u904d [&hellip;]<\/p>\n","protected":false},"author":1,"featured_media":0,"parent":0,"menu_order":0,"comment_status":"closed","ping_status":"closed","template":"","meta":{"swell_btn_cv_data":"","footnotes":""},"class_list":["post-603","page","type-page","status-publish","hentry"],"_links":{"self":[{"href":"https:\/\/nbs-truejapan.jp\/member\/ehimienne\/wp-json\/wp\/v2\/pages\/603","targetHints":{"allow":["GET"]}}],"collection":[{"href":"https:\/\/nbs-truejapan.jp\/member\/ehimienne\/wp-json\/wp\/v2\/pages"}],"about":[{"href":"https:\/\/nbs-truejapan.jp\/member\/ehimienne\/wp-json\/wp\/v2\/types\/page"}],"author":[{"embeddable":true,"href":"https:\/\/nbs-truejapan.jp\/member\/ehimienne\/wp-json\/wp\/v2\/users\/1"}],"replies":[{"embeddable":true,"href":"https:\/\/nbs-truejapan.jp\/member\/ehimienne\/wp-json\/wp\/v2\/comments?post=603"}],"version-history":[{"count":13,"href":"https:\/\/nbs-truejapan.jp\/member\/ehimienne\/wp-json\/wp\/v2\/pages\/603\/revisions"}],"predecessor-version":[{"id":720,"href":"https:\/\/nbs-truejapan.jp\/member\/ehimienne\/wp-json\/wp\/v2\/pages\/603\/revisions\/720"}],"wp:attachment":[{"href":"https:\/\/nbs-truejapan.jp\/member\/ehimienne\/wp-json\/wp\/v2\/media?parent=603"}],"curies":[{"name":"wp","href":"https:\/\/api.w.org\/{rel}","templated":true}]}}