{"id":46,"date":"2022-08-22T16:46:02","date_gmt":"2022-08-22T07:46:02","guid":{"rendered":"https:\/\/nbs-truejapan.jp\/member\/ehimienne\/?page_id=46"},"modified":"2023-11-16T11:36:50","modified_gmt":"2023-11-16T02:36:50","slug":"contact","status":"publish","type":"page","link":"https:\/\/nbs-truejapan.jp\/member\/ehimienne\/contact","title":{"rendered":"Contact \/ \u304a\u554f\u5408\u305b"},"content":{"rendered":"\n<p>Merci d\u2019avoir visit\u00e9 mon site web.<br>N\u2019h\u00e9sitez pas \u00e0 me contacter pour des demandes de guide, des questions ou d\u2019autres choses.<br>Les champs marqu\u00e9s de l\u2019ast\u00e9risque (<mark style=\"background-color:rgba(0, 0, 0, 0)\" class=\"has-inline-color has-swl-deep-01-color\">\uff0a<\/mark>) sont obligatoires.<\/p>\n\n\n\n<p>\u79c1\u306eHP\u3092\u3054\u89a7\u304f\u3060\u3055\u308a\u3042\u308a\u304c\u3068\u3046\u3054\u3056\u3044\u307e\u3059\u3002<br>\u30ac\u30a4\u30c9\u306e\u3054\u4f9d\u983c\u3001\u3054\u8cea\u554f\u3001\u305d\u306e\u4ed6\u304a\u6c17\u8efd\u306b\u304a\u5c0b\u306d\u304f\u3060\u3055\u3044\u3002<br><mark style=\"background-color:rgba(0, 0, 0, 0)\" class=\"has-inline-color has-swl-deep-01-color\">\uff0a<\/mark>\u306e\u9805\u76ee\u306f\u3001\u5fc5\u305a\u3054\u8a18\u5165\u304f\u3060\u3055\u3044\u3002<\/p>\n\n\n\n<div class=\"wpcf7 no-js\" id=\"wpcf7-f333-o1\" lang=\"ja\" dir=\"ltr\" data-wpcf7-id=\"333\">\n<div class=\"screen-reader-response\"><p role=\"status\" aria-live=\"polite\" aria-atomic=\"true\"><\/p> <ul><\/ul><\/div>\n<form action=\"\/member\/ehimienne\/wp-json\/wp\/v2\/pages\/46#wpcf7-f333-o1\" method=\"post\" class=\"wpcf7-form init\" aria-label=\"\u30b3\u30f3\u30bf\u30af\u30c8\u30d5\u30a9\u30fc\u30e0\" novalidate=\"novalidate\" data-status=\"init\">\n<div style=\"display: none;\">\n<input type=\"hidden\" name=\"_wpcf7\" value=\"333\" \/>\n<input type=\"hidden\" name=\"_wpcf7_version\" value=\"6.0.4\" \/>\n<input type=\"hidden\" name=\"_wpcf7_locale\" value=\"ja\" \/>\n<input type=\"hidden\" name=\"_wpcf7_unit_tag\" value=\"wpcf7-f333-o1\" \/>\n<input type=\"hidden\" name=\"_wpcf7_container_post\" value=\"0\" \/>\n<input type=\"hidden\" name=\"_wpcf7_posted_data_hash\" value=\"\" \/>\n<input type=\"hidden\" name=\"_wpcf7_recaptcha_response\" value=\"\" \/>\n<\/div>\n<dl class=\"contact7\">\n\t<dt>\n\t\t<p>Nom et pr\u00e9nom \/ \u304a\u540d\u524d<span class=\"must\"> *<\/span>\n\t\t<\/p>\n\t<\/dt>\n\t<dd>\n\t\t<p><span class=\"wpcf7-form-control-wrap\" data-name=\"your-name\"><input size=\"40\" maxlength=\"400\" class=\"wpcf7-form-control wpcf7-text wpcf7-validates-as-required\" aria-required=\"true\" aria-invalid=\"false\" value=\"\" type=\"text\" name=\"your-name\" \/><\/span>\n\t\t<\/p>\n\t<\/dd>\n\t<dt>\n\t\t<p>E-mail \/ \u30a2\u30c9\u30ec\u30b9<span class=\"must\"> *<\/span>\n\t\t<\/p>\n\t<\/dt>\n\t<dd>\n\t\t<p><span class=\"wpcf7-form-control-wrap\" data-name=\"your-email\"><input size=\"40\" maxlength=\"400\" class=\"wpcf7-form-control wpcf7-email wpcf7-validates-as-required wpcf7-text wpcf7-validates-as-email\" aria-required=\"true\" aria-invalid=\"false\" value=\"\" type=\"email\" name=\"your-email\" \/><\/span>\n\t\t<\/p>\n\t<\/dd>\n\t<dt>\n\t\t<p>Num\u00e9ro de t\u00e9l\u00e9phone \/ \u96fb\u8a71\u756a\u53f7\n\t\t<\/p>\n\t<\/dt>\n\t<dd>\n\t\t<p><span class=\"wpcf7-form-control-wrap\" data-name=\"your-tel\"><input size=\"40\" maxlength=\"400\" class=\"wpcf7-form-control wpcf7-text\" aria-invalid=\"false\" value=\"\" type=\"text\" name=\"your-tel\" \/><\/span>\n\t\t<\/p>\n\t<\/dd>\n\t<dt>\n\t\t<p>Sujet \/ \u984c\u540d<span class=\"must\"> *<\/span>\n\t\t<\/p>\n\t<\/dt>\n\t<dd>\n\t\t<p><span class=\"wpcf7-form-control-wrap\" data-name=\"your-title\"><input size=\"40\" maxlength=\"400\" class=\"wpcf7-form-control wpcf7-text wpcf7-validates-as-required\" aria-required=\"true\" aria-invalid=\"false\" value=\"\" type=\"text\" name=\"your-title\" \/><\/span>\n\t\t<\/p>\n\t<\/dd>\n\t<dt>\n\t\t<p>Message \/\u30e1\u30c3\u30bb\u30fc\u30b8<span class=\"must\"> *<\/span>\n\t\t<\/p>\n\t<\/dt>\n\t<dd>\n\t\t<p><span class=\"wpcf7-form-control-wrap\" data-name=\"your-message\"><textarea cols=\"40\" rows=\"10\" maxlength=\"2000\" class=\"wpcf7-form-control wpcf7-textarea wpcf7-validates-as-required\" aria-required=\"true\" aria-invalid=\"false\" name=\"your-message\"><\/textarea><\/span>\n\t\t<\/p>\n\t<\/dd>\n<\/dl>\n<p class=\"btn_contact7\"><input class=\"wpcf7-form-control wpcf7-submit has-spinner\" type=\"submit\" value=\"Envoyer \/ \u9001\u4fe1\" \/>\n<\/p><div class=\"wpcf7-response-output\" aria-hidden=\"true\"><\/div>\n<\/form>\n<\/div>\n\n","protected":false},"excerpt":{"rendered":"<p>Merci d\u2019avoir visit\u00e9 mon site web.N\u2019h\u00e9sitez pas \u00e0 me contacter pour des demandes de guide, des questions ou d\u2019 [&hellip;]<\/p>\n","protected":false},"author":1,"featured_media":0,"parent":0,"menu_order":0,"comment_status":"closed","ping_status":"closed","template":"","meta":{"swell_btn_cv_data":"","footnotes":""},"class_list":["post-46","page","type-page","status-publish","hentry"],"_links":{"self":[{"href":"https:\/\/nbs-truejapan.jp\/member\/ehimienne\/wp-json\/wp\/v2\/pages\/46","targetHints":{"allow":["GET"]}}],"collection":[{"href":"https:\/\/nbs-truejapan.jp\/member\/ehimienne\/wp-json\/wp\/v2\/pages"}],"about":[{"href":"https:\/\/nbs-truejapan.jp\/member\/ehimienne\/wp-json\/wp\/v2\/types\/page"}],"author":[{"embeddable":true,"href":"https:\/\/nbs-truejapan.jp\/member\/ehimienne\/wp-json\/wp\/v2\/users\/1"}],"replies":[{"embeddable":true,"href":"https:\/\/nbs-truejapan.jp\/member\/ehimienne\/wp-json\/wp\/v2\/comments?post=46"}],"version-history":[{"count":14,"href":"https:\/\/nbs-truejapan.jp\/member\/ehimienne\/wp-json\/wp\/v2\/pages\/46\/revisions"}],"predecessor-version":[{"id":703,"href":"https:\/\/nbs-truejapan.jp\/member\/ehimienne\/wp-json\/wp\/v2\/pages\/46\/revisions\/703"}],"wp:attachment":[{"href":"https:\/\/nbs-truejapan.jp\/member\/ehimienne\/wp-json\/wp\/v2\/media?parent=46"}],"curies":[{"name":"wp","href":"https:\/\/api.w.org\/{rel}","templated":true}]}}